{"id":1283,"date":"2023-06-13T12:12:22","date_gmt":"2023-06-13T10:12:22","guid":{"rendered":"https:\/\/kaakamo.fi\/kaakamonruottalanosakaskunta\/?page_id=1283"},"modified":"2024-05-05T17:39:55","modified_gmt":"2024-05-05T15:39:55","slug":"jasenille","status":"publish","type":"page","link":"https:\/\/kaakamo.fi\/kaakamonruottalanosakaskunta\/jasenille\/","title":{"rendered":"J\u00e4senille"},"content":{"rendered":"\t\t<div data-elementor-type=\"wp-page\" data-elementor-id=\"1283\" class=\"elementor elementor-1283\">\n\t\t\t\t\t\t<section class=\"elementor-section elementor-top-section elementor-element elementor-element-340f3b05 elementor-section-items-stretch elementor-section-height-min-height elementor-section-boxed elementor-section-height-default\" data-id=\"340f3b05\" data-element_type=\"section\" data-e-type=\"section\" data-settings=\"{&quot;background_background&quot;:&quot;classic&quot;}\">\n\t\t\t\t\t\t\t<div class=\"elementor-background-overlay\"><\/div>\n\t\t\t\t\t\t\t<div class=\"elementor-container elementor-column-gap-default\">\n\t\t\t\t\t<div class=\"elementor-column elementor-col-100 elementor-top-column elementor-element elementor-element-577776d5\" data-id=\"577776d5\" data-element_type=\"column\" data-e-type=\"column\">\n\t\t\t<div class=\"elementor-widget-wrap elementor-element-populated\">\n\t\t\t\t\t\t<div class=\"elementor-element elementor-element-61efae6b elementor-widget elementor-widget-spacer\" data-id=\"61efae6b\" data-element_type=\"widget\" data-e-type=\"widget\" data-widget_type=\"spacer.default\">\n\t\t\t\t<div class=\"elementor-widget-container\">\n\t\t\t\t\t\t\t<div class=\"elementor-spacer\">\n\t\t\t<div class=\"elementor-spacer-inner\"><\/div>\n\t\t<\/div>\n\t\t\t\t\t\t<\/div>\n\t\t\t\t<\/div>\n\t\t\t\t<section class=\"elementor-section elementor-inner-section elementor-element elementor-element-5a1f8114 elementor-section-boxed elementor-section-height-default elementor-section-height-default\" data-id=\"5a1f8114\" data-element_type=\"section\" data-e-type=\"section\">\n\t\t\t\t\t\t<div class=\"elementor-container elementor-column-gap-default\">\n\t\t\t\t\t<div class=\"elementor-column elementor-col-100 elementor-inner-column elementor-element elementor-element-2f8ca9b3\" data-id=\"2f8ca9b3\" data-element_type=\"column\" data-e-type=\"column\">\n\t\t\t<div class=\"elementor-widget-wrap elementor-element-populated\">\n\t\t\t\t\t\t<div class=\"elementor-element elementor-element-624941bb elementor-widget elementor-widget-heading\" data-id=\"624941bb\" data-element_type=\"widget\" data-e-type=\"widget\" data-widget_type=\"heading.default\">\n\t\t\t\t<div class=\"elementor-widget-container\">\n\t\t\t\t\t<h1 class=\"elementor-heading-title elementor-size-default\">osakkaille<\/h1>\t\t\t\t<\/div>\n\t\t\t\t<\/div>\n\t\t\t\t<div class=\"elementor-element elementor-element-24399825 elementor-widget-divider--view-line elementor-widget elementor-widget-divider\" data-id=\"24399825\" data-element_type=\"widget\" data-e-type=\"widget\" data-widget_type=\"divider.default\">\n\t\t\t\t<div class=\"elementor-widget-container\">\n\t\t\t\t\t\t\t<div class=\"elementor-divider\">\n\t\t\t<span class=\"elementor-divider-separator\">\n\t\t\t\t\t\t<\/span>\n\t\t<\/div>\n\t\t\t\t\t\t<\/div>\n\t\t\t\t<\/div>\n\t\t\t\t<div class=\"elementor-element elementor-element-42fb46c7 elementor-widget elementor-widget-spacer\" data-id=\"42fb46c7\" data-element_type=\"widget\" data-e-type=\"widget\" data-widget_type=\"spacer.default\">\n\t\t\t\t<div class=\"elementor-widget-container\">\n\t\t\t\t\t\t\t<div class=\"elementor-spacer\">\n\t\t\t<div class=\"elementor-spacer-inner\"><\/div>\n\t\t<\/div>\n\t\t\t\t\t\t<\/div>\n\t\t\t\t<\/div>\n\t\t\t\t<div class=\"elementor-element elementor-element-719b2415 elementor-widget elementor-widget-spacer\" data-id=\"719b2415\" data-element_type=\"widget\" data-e-type=\"widget\" data-widget_type=\"spacer.default\">\n\t\t\t\t<div class=\"elementor-widget-container\">\n\t\t\t\t\t\t\t<div class=\"elementor-spacer\">\n\t\t\t<div class=\"elementor-spacer-inner\"><\/div>\n\t\t<\/div>\n\t\t\t\t\t\t<\/div>\n\t\t\t\t<\/div>\n\t\t\t\t\t<\/div>\n\t\t<\/div>\n\t\t\t\t\t<\/div>\n\t\t<\/section>\n\t\t\t\t\t<\/div>\n\t\t<\/div>\n\t\t\t\t\t<\/div>\n\t\t<\/section>\n\t\t\t\t<section class=\"elementor-section elementor-top-section elementor-element elementor-element-19a28424 elementor-section-boxed elementor-section-height-default elementor-section-height-default\" data-id=\"19a28424\" data-element_type=\"section\" data-e-type=\"section\" data-settings=\"{&quot;background_background&quot;:&quot;classic&quot;}\">\n\t\t\t\t\t\t\t<div class=\"elementor-background-overlay\"><\/div>\n\t\t\t\t\t\t\t<div class=\"elementor-container elementor-column-gap-default\">\n\t\t\t\t\t<div class=\"elementor-column elementor-col-100 elementor-top-column elementor-element elementor-element-6eec2f6b\" data-id=\"6eec2f6b\" data-element_type=\"column\" data-e-type=\"column\">\n\t\t\t<div class=\"elementor-widget-wrap elementor-element-populated\">\n\t\t\t\t\t\t<div class=\"elementor-element elementor-element-2005d339 elementor-widget elementor-widget-spacer\" data-id=\"2005d339\" data-element_type=\"widget\" data-e-type=\"widget\" data-widget_type=\"spacer.default\">\n\t\t\t\t<div class=\"elementor-widget-container\">\n\t\t\t\t\t\t\t<div class=\"elementor-spacer\">\n\t\t\t<div class=\"elementor-spacer-inner\"><\/div>\n\t\t<\/div>\n\t\t\t\t\t\t<\/div>\n\t\t\t\t<\/div>\n\t\t\t\t\t<\/div>\n\t\t<\/div>\n\t\t\t\t\t<\/div>\n\t\t<\/section>\n\t\t\t\t<section class=\"elementor-section elementor-top-section elementor-element elementor-element-25f0e58d elementor-section-boxed elementor-section-height-default elementor-section-height-default\" data-id=\"25f0e58d\" data-element_type=\"section\" data-e-type=\"section\">\n\t\t\t\t\t\t\t<div class=\"elementor-background-overlay\"><\/div>\n\t\t\t\t\t\t\t<div class=\"elementor-container elementor-column-gap-wide\">\n\t\t\t\t\t<div class=\"elementor-column elementor-col-100 elementor-top-column elementor-element elementor-element-44e23f5e\" data-id=\"44e23f5e\" data-element_type=\"column\" data-e-type=\"column\">\n\t\t\t<div class=\"elementor-widget-wrap elementor-element-populated\">\n\t\t\t\t\t\t<div class=\"elementor-element elementor-element-39241318 elementor-widget elementor-widget-heading\" data-id=\"39241318\" data-element_type=\"widget\" data-e-type=\"widget\" data-widget_type=\"heading.default\">\n\t\t\t\t<div class=\"elementor-widget-container\">\n\t\t\t\t\t<h2 class=\"elementor-heading-title elementor-size-default\">OSAKASKUNNAN OSAKKAILLE ON OMA TIEDOTUS-SIVU<\/h2>\t\t\t\t<\/div>\n\t\t\t\t<\/div>\n\t\t\t\t<div class=\"elementor-element elementor-element-4be806d0 elementor-widget-divider--view-line elementor-widget elementor-widget-divider\" data-id=\"4be806d0\" data-element_type=\"widget\" data-e-type=\"widget\" data-widget_type=\"divider.default\">\n\t\t\t\t<div class=\"elementor-widget-container\">\n\t\t\t\t\t\t\t<div class=\"elementor-divider\">\n\t\t\t<span class=\"elementor-divider-separator\">\n\t\t\t\t\t\t<\/span>\n\t\t<\/div>\n\t\t\t\t\t\t<\/div>\n\t\t\t\t<\/div>\n\t\t\t\t<div class=\"elementor-element elementor-element-62b9e17c elementor-widget elementor-widget-text-editor\" data-id=\"62b9e17c\" data-element_type=\"widget\" data-e-type=\"widget\" data-widget_type=\"text-editor.default\">\n\t\t\t\t<div class=\"elementor-widget-container\">\n\t\t\t\t\t\t\t\t\t<p>Pyyd\u00e4 salasana s\u00e4hk\u00f6postilla osoitttesta kaakamonruottalan.osakaskunta@gmail.com ja kirjoita otsikoksi &#8221;Salasana&#8221;.\u00a0<\/p>\t\t\t\t\t\t\t\t<\/div>\n\t\t\t\t<\/div>\n\t\t\t\t<div class=\"elementor-element elementor-element-c288b1a elementor-widget elementor-widget-button\" data-id=\"c288b1a\" data-element_type=\"widget\" data-e-type=\"widget\" data-widget_type=\"button.default\">\n\t\t\t\t<div class=\"elementor-widget-container\">\n\t\t\t\t\t\t\t\t\t<div class=\"elementor-button-wrapper\">\n\t\t\t\t\t<a class=\"elementor-button elementor-button-link elementor-size-sm\" href=\"https:\/\/kaakamo.fi\/kaakamonruottalanosakaskunta\/ajankohtaista-tiedoksi-osakkaille\">\n\t\t\t\t\t\t<span class=\"elementor-button-content-wrapper\">\n\t\t\t\t\t\t\t\t\t<span class=\"elementor-button-text\">OMILLE SIVUILLE<\/span>\n\t\t\t\t\t<\/span>\n\t\t\t\t\t<\/a>\n\t\t\t\t<\/div>\n\t\t\t\t\t\t\t\t<\/div>\n\t\t\t\t<\/div>\n\t\t\t\t\t<\/div>\n\t\t<\/div>\n\t\t\t\t\t<\/div>\n\t\t<\/section>\n\t\t\t\t<\/div>\n\t\t","protected":false},"excerpt":{"rendered":"<p>osakkaille OSAKASKUNNAN OSAKKAILLE ON OMA TIEDOTUS-SIVU Pyyd\u00e4 salasana s\u00e4hk\u00f6postilla osoitttesta kaakamonruottalan.osakaskunta@gmail.com ja kirjoita otsikoksi &#8221;Salasana&#8221;.\u00a0 OMILLE SIVUILLE<\/p>\n","protected":false},"author":1,"featured_media":0,"parent":0,"menu_order":0,"comment_status":"closed","ping_status":"closed","template":"elementor_header_footer","meta":{"_kad_post_transparent":"default","_kad_post_title":"hide","_kad_post_layout":"fullwidth","_kad_post_sidebar_id":"","_kad_post_content_style":"unboxed","_kad_post_vertical_padding":"hide","_kad_post_feature":"hide","_kad_post_feature_position":"","_kad_post_header":false,"_kad_post_footer":false,"_kad_post_classname":"","footnotes":""},"class_list":["post-1283","page","type-page","status-publish","hentry"],"yoast_head":"<!-- This site is optimized with the Yoast SEO plugin v27.5 - https:\/\/yoast.com\/product\/yoast-seo-wordpress\/ -->\n<title>KAAKAMO-RUOTTALAN OSAKASKUNTA<\/title>\n<meta name=\"description\" content=\"Kaakamon ja Ruottalan kylien yhteisten vesialueiden osakaskunta.Vesialueisiin kuuluvat my\u00f6s mm. saaret sek\u00e4 vesij\u00e4tt\u00f6alueet. Osakaskunta hallinnoi tilojen yhteist\u00e4 omaisuutta, valvoo ja edist\u00e4\u00e4 osakkaiden etua sek\u00e4 maa- ja vesialueiden k\u00e4ytt\u00f6\u00e4.\" \/>\n<meta name=\"robots\" content=\"index, follow, max-snippet:-1, max-image-preview:large, max-video-preview:-1\" \/>\n<link rel=\"canonical\" href=\"https:\/\/kaakamo.fi\/kaakamonruottalanosakaskunta\/jasenille\/\" \/>\n<meta property=\"og:locale\" content=\"fi_FI\" \/>\n<meta property=\"og:type\" content=\"article\" \/>\n<meta property=\"og:title\" content=\"KAAKAMO-RUOTTALAN OSAKASKUNTA\" \/>\n<meta property=\"og:description\" content=\"Kaakamon ja Ruottalan kylien yhteisten vesialueiden osakaskunta.Vesialueisiin kuuluvat my\u00f6s mm. saaret sek\u00e4 vesij\u00e4tt\u00f6alueet. Osakaskunta hallinnoi tilojen yhteist\u00e4 omaisuutta, valvoo ja edist\u00e4\u00e4 osakkaiden etua sek\u00e4 maa- ja vesialueiden k\u00e4ytt\u00f6\u00e4.\" \/>\n<meta property=\"og:url\" content=\"https:\/\/kaakamo.fi\/kaakamonruottalanosakaskunta\/jasenille\/\" \/>\n<meta property=\"og:site_name\" content=\"KAAKAMO-RUOTTALAN OSAKASKUNTA\" \/>\n<meta property=\"article:modified_time\" content=\"2024-05-05T15:39:55+00:00\" \/>\n<meta name=\"twitter:card\" content=\"summary_large_image\" \/>\n<meta name=\"twitter:label1\" content=\"Arvioitu lukuaika\" \/>\n\t<meta name=\"twitter:data1\" content=\"1 minuutti\" \/>\n<script type=\"application\/ld+json\" class=\"yoast-schema-graph\">{\"@context\":\"https:\\\/\\\/schema.org\",\"@graph\":[{\"@type\":\"WebPage\",\"@id\":\"https:\\\/\\\/kaakamo.fi\\\/kaakamonruottalanosakaskunta\\\/jasenille\\\/\",\"url\":\"https:\\\/\\\/kaakamo.fi\\\/kaakamonruottalanosakaskunta\\\/jasenille\\\/\",\"name\":\"KAAKAMO-RUOTTALAN OSAKASKUNTA\",\"isPartOf\":{\"@id\":\"https:\\\/\\\/kaakamo.fi\\\/kaakamonruottalanosakaskunta\\\/#website\"},\"datePublished\":\"2023-06-13T10:12:22+00:00\",\"dateModified\":\"2024-05-05T15:39:55+00:00\",\"description\":\"Kaakamon ja Ruottalan kylien yhteisten vesialueiden osakaskunta.Vesialueisiin kuuluvat my\u00f6s mm. saaret sek\u00e4 vesij\u00e4tt\u00f6alueet. Osakaskunta hallinnoi tilojen yhteist\u00e4 omaisuutta, valvoo ja edist\u00e4\u00e4 osakkaiden etua sek\u00e4 maa- ja vesialueiden k\u00e4ytt\u00f6\u00e4.\",\"breadcrumb\":{\"@id\":\"https:\\\/\\\/kaakamo.fi\\\/kaakamonruottalanosakaskunta\\\/jasenille\\\/#breadcrumb\"},\"inLanguage\":\"fi\",\"potentialAction\":[{\"@type\":\"ReadAction\",\"target\":[\"https:\\\/\\\/kaakamo.fi\\\/kaakamonruottalanosakaskunta\\\/jasenille\\\/\"]}]},{\"@type\":\"BreadcrumbList\",\"@id\":\"https:\\\/\\\/kaakamo.fi\\\/kaakamonruottalanosakaskunta\\\/jasenille\\\/#breadcrumb\",\"itemListElement\":[{\"@type\":\"ListItem\",\"position\":1,\"name\":\"Etusivu\",\"item\":\"https:\\\/\\\/kaakamo.fi\\\/kaakamonruottalanosakaskunta\\\/\"},{\"@type\":\"ListItem\",\"position\":2,\"name\":\"J\u00e4senille\"}]},{\"@type\":\"WebSite\",\"@id\":\"https:\\\/\\\/kaakamo.fi\\\/kaakamonruottalanosakaskunta\\\/#website\",\"url\":\"https:\\\/\\\/kaakamo.fi\\\/kaakamonruottalanosakaskunta\\\/\",\"name\":\"KAAKAMO-RUOTTALAN OSAKASKUNTA\",\"description\":\"\",\"potentialAction\":[{\"@type\":\"SearchAction\",\"target\":{\"@type\":\"EntryPoint\",\"urlTemplate\":\"https:\\\/\\\/kaakamo.fi\\\/kaakamonruottalanosakaskunta\\\/?s={search_term_string}\"},\"query-input\":{\"@type\":\"PropertyValueSpecification\",\"valueRequired\":true,\"valueName\":\"search_term_string\"}}],\"inLanguage\":\"fi\"}]}<\/script>\n<!-- \/ Yoast SEO plugin. -->","yoast_head_json":{"title":"KAAKAMO-RUOTTALAN OSAKASKUNTA","description":"Kaakamon ja Ruottalan kylien yhteisten vesialueiden osakaskunta.Vesialueisiin kuuluvat my\u00f6s mm. saaret sek\u00e4 vesij\u00e4tt\u00f6alueet. Osakaskunta hallinnoi tilojen yhteist\u00e4 omaisuutta, valvoo ja edist\u00e4\u00e4 osakkaiden etua sek\u00e4 maa- ja vesialueiden k\u00e4ytt\u00f6\u00e4.","robots":{"index":"index","follow":"follow","max-snippet":"max-snippet:-1","max-image-preview":"max-image-preview:large","max-video-preview":"max-video-preview:-1"},"canonical":"https:\/\/kaakamo.fi\/kaakamonruottalanosakaskunta\/jasenille\/","og_locale":"fi_FI","og_type":"article","og_title":"KAAKAMO-RUOTTALAN OSAKASKUNTA","og_description":"Kaakamon ja Ruottalan kylien yhteisten vesialueiden osakaskunta.Vesialueisiin kuuluvat my\u00f6s mm. saaret sek\u00e4 vesij\u00e4tt\u00f6alueet. Osakaskunta hallinnoi tilojen yhteist\u00e4 omaisuutta, valvoo ja edist\u00e4\u00e4 osakkaiden etua sek\u00e4 maa- ja vesialueiden k\u00e4ytt\u00f6\u00e4.","og_url":"https:\/\/kaakamo.fi\/kaakamonruottalanosakaskunta\/jasenille\/","og_site_name":"KAAKAMO-RUOTTALAN OSAKASKUNTA","article_modified_time":"2024-05-05T15:39:55+00:00","twitter_card":"summary_large_image","twitter_misc":{"Arvioitu lukuaika":"1 minuutti"},"schema":{"@context":"https:\/\/schema.org","@graph":[{"@type":"WebPage","@id":"https:\/\/kaakamo.fi\/kaakamonruottalanosakaskunta\/jasenille\/","url":"https:\/\/kaakamo.fi\/kaakamonruottalanosakaskunta\/jasenille\/","name":"KAAKAMO-RUOTTALAN OSAKASKUNTA","isPartOf":{"@id":"https:\/\/kaakamo.fi\/kaakamonruottalanosakaskunta\/#website"},"datePublished":"2023-06-13T10:12:22+00:00","dateModified":"2024-05-05T15:39:55+00:00","description":"Kaakamon ja Ruottalan kylien yhteisten vesialueiden osakaskunta.Vesialueisiin kuuluvat my\u00f6s mm. saaret sek\u00e4 vesij\u00e4tt\u00f6alueet. Osakaskunta hallinnoi tilojen yhteist\u00e4 omaisuutta, valvoo ja edist\u00e4\u00e4 osakkaiden etua sek\u00e4 maa- ja vesialueiden k\u00e4ytt\u00f6\u00e4.","breadcrumb":{"@id":"https:\/\/kaakamo.fi\/kaakamonruottalanosakaskunta\/jasenille\/#breadcrumb"},"inLanguage":"fi","potentialAction":[{"@type":"ReadAction","target":["https:\/\/kaakamo.fi\/kaakamonruottalanosakaskunta\/jasenille\/"]}]},{"@type":"BreadcrumbList","@id":"https:\/\/kaakamo.fi\/kaakamonruottalanosakaskunta\/jasenille\/#breadcrumb","itemListElement":[{"@type":"ListItem","position":1,"name":"Etusivu","item":"https:\/\/kaakamo.fi\/kaakamonruottalanosakaskunta\/"},{"@type":"ListItem","position":2,"name":"J\u00e4senille"}]},{"@type":"WebSite","@id":"https:\/\/kaakamo.fi\/kaakamonruottalanosakaskunta\/#website","url":"https:\/\/kaakamo.fi\/kaakamonruottalanosakaskunta\/","name":"KAAKAMO-RUOTTALAN OSAKASKUNTA","description":"","potentialAction":[{"@type":"SearchAction","target":{"@type":"EntryPoint","urlTemplate":"https:\/\/kaakamo.fi\/kaakamonruottalanosakaskunta\/?s={search_term_string}"},"query-input":{"@type":"PropertyValueSpecification","valueRequired":true,"valueName":"search_term_string"}}],"inLanguage":"fi"}]}},"_links":{"self":[{"href":"https:\/\/kaakamo.fi\/kaakamonruottalanosakaskunta\/wp-json\/wp\/v2\/pages\/1283","targetHints":{"allow":["GET"]}}],"collection":[{"href":"https:\/\/kaakamo.fi\/kaakamonruottalanosakaskunta\/wp-json\/wp\/v2\/pages"}],"about":[{"href":"https:\/\/kaakamo.fi\/kaakamonruottalanosakaskunta\/wp-json\/wp\/v2\/types\/page"}],"author":[{"embeddable":true,"href":"https:\/\/kaakamo.fi\/kaakamonruottalanosakaskunta\/wp-json\/wp\/v2\/users\/1"}],"replies":[{"embeddable":true,"href":"https:\/\/kaakamo.fi\/kaakamonruottalanosakaskunta\/wp-json\/wp\/v2\/comments?post=1283"}],"version-history":[{"count":10,"href":"https:\/\/kaakamo.fi\/kaakamonruottalanosakaskunta\/wp-json\/wp\/v2\/pages\/1283\/revisions"}],"predecessor-version":[{"id":1344,"href":"https:\/\/kaakamo.fi\/kaakamonruottalanosakaskunta\/wp-json\/wp\/v2\/pages\/1283\/revisions\/1344"}],"wp:attachment":[{"href":"https:\/\/kaakamo.fi\/kaakamonruottalanosakaskunta\/wp-json\/wp\/v2\/media?parent=1283"}],"curies":[{"name":"wp","href":"https:\/\/api.w.org\/{rel}","templated":true}]}}